{"id":2137,"date":"2023-05-01T19:28:35","date_gmt":"2023-05-01T17:28:35","guid":{"rendered":"https:\/\/www.major-boats.com\/?page_id=2137"},"modified":"2025-03-21T10:05:49","modified_gmt":"2025-03-21T09:05:49","slug":"a-propos-de-major-boats-marines-cogolin","status":"publish","type":"page","link":"https:\/\/www.major-boats.com\/en\/a-propos-de-major-boats-marines-cogolin\/","title":{"rendered":"\u00c0 propos de MAJOR BOATS"},"content":{"rendered":"<style>\/*! elementor - v3.13.0 - 08-05-2023 *\/<br \/>\n.elementor-widget-divider{--divider-border-style:none;--divider-border-width:1px;--divider-color:#0c0d0e;--divider-icon-size:20px;--divider-element-spacing:10px;--divider-pattern-height:24px;--divider-pattern-size:20px;--divider-pattern-url:none;--divider-pattern-repeat:repeat-x}.elementor-widget-divider .elementor-divider{display:flex}.elementor-widget-divider .elementor-divider__text{font-size:15px;line-height:1;max-width:95%}.elementor-widget-divider .elementor-divider__element{margin:0 var(--divider-element-spacing);flex-shrink:0}.elementor-widget-divider .elementor-icon{font-size:var(--divider-icon-size)}.elementor-widget-divider .elementor-divider-separator{display:flex;margin:0;direction:ltr}.elementor-widget-divider--view-line_icon .elementor-divider-separator,.elementor-widget-divider--view-line_text .elementor-divider-separator{align-items:center}.elementor-widget-divider--view-line_icon .elementor-divider-separator:after,.elementor-widget-divider--view-line_icon .elementor-divider-separator:before,.elementor-widget-divider--view-line_text .elementor-divider-separator:after,.elementor-widget-divider--view-line_text .elementor-divider-separator:before{display:block;content:\"\";border-bottom:0;flex-grow:1;border-top:var(--divider-border-width) var(--divider-border-style) var(--divider-color)}.elementor-widget-divider--element-align-left .elementor-divider .elementor-divider-separator>.elementor-divider__svg:first-of-type{flex-grow:0;flex-shrink:100}.elementor-widget-divider--element-align-left .elementor-divider-separator:before{content:none}.elementor-widget-divider--element-align-left .elementor-divider__element{margin-left:0}.elementor-widget-divider--element-align-right .elementor-divider .elementor-divider-separator>.elementor-divider__svg:last-of-type{flex-grow:0;flex-shrink:100}.elementor-widget-divider--element-align-right .elementor-divider-separator:after{content:none}.elementor-widget-divider--element-align-right .elementor-divider__element{margin-right:0}.elementor-widget-divider:not(.elementor-widget-divider--view-line_text):not(.elementor-widget-divider--view-line_icon) .elementor-divider-separator{border-top:var(--divider-border-width) var(--divider-border-style) var(--divider-color)}.elementor-widget-divider--separator-type-pattern{--divider-border-style:none}.elementor-widget-divider--separator-type-pattern.elementor-widget-divider--view-line .elementor-divider-separator,.elementor-widget-divider--separator-type-pattern:not(.elementor-widget-divider--view-line) .elementor-divider-separator:after,.elementor-widget-divider--separator-type-pattern:not(.elementor-widget-divider--view-line) .elementor-divider-separator:before,.elementor-widget-divider--separator-type-pattern:not([class*=elementor-widget-divider--view]) .elementor-divider-separator{width:100%;min-height:var(--divider-pattern-height);-webkit-mask-size:var(--divider-pattern-size) 100%;mask-size:var(--divider-pattern-size) 100%;-webkit-mask-repeat:var(--divider-pattern-repeat);mask-repeat:var(--divider-pattern-repeat);background-color:var(--divider-color);-webkit-mask-image:var(--divider-pattern-url);mask-image:var(--divider-pattern-url)}.elementor-widget-divider--no-spacing{--divider-pattern-size:auto}.elementor-widget-divider--bg-round{--divider-pattern-repeat:round}.rtl .elementor-widget-divider .elementor-divider__text{direction:rtl}.e-con-inner>.elementor-widget-divider,.e-con>.elementor-widget-divider{width:var(--container-widget-width,100%);--flex-grow:var(--container-widget-flex-grow)}<\/style>\n<style>\/*! elementor - v3.13.0 - 08-05-2023 *\/<br \/>\n.elementor-heading-title{padding:0;margin:0;line-height:1}.elementor-widget-heading .elementor-heading-title[class*=elementor-size-]>a{color:inherit;font-size:inherit;line-height:inherit}.elementor-widget-heading .elementor-heading-title.elementor-size-small{font-size:15px}.elementor-widget-heading .elementor-heading-title.elementor-size-medium{font-size:19px}.elementor-widget-heading .elementor-heading-title.elementor-size-large{font-size:29px}.elementor-widget-heading .elementor-heading-title.elementor-size-xl{font-size:39px}.elementor-widget-heading .elementor-heading-title.elementor-size-xxl{font-size:59px}<\/style>\n<p>About us<\/p>\n<h1>MAJOR BOATS<\/h1>\n<style>\/*! elementor - v3.13.0 - 08-05-2023 *\/<br \/>\n.elementor-widget-image{text-align:center}.elementor-widget-image a{display:inline-block}.elementor-widget-image a img[src$=\".svg\"]{width:48px}.elementor-widget-image img{vertical-align:middle;display:inline-block}<\/style>\n<p>\t\t\t\t\t\t\t\t\t\t\t\t<img loading=\"lazy\" decoding=\"async\" width=\"700\" height=\"870\" src=\"https:\/\/www.major-boats.com\/wp-content\/uploads\/2023\/05\/nautitech-catamaran-48-open.jpg\" alt=\"\" srcset=\"https:\/\/www.major-boats.com\/wp-content\/uploads\/2023\/05\/nautitech-catamaran-48-open.jpg 700w, https:\/\/www.major-boats.com\/wp-content\/uploads\/2023\/05\/nautitech-catamaran-48-open-241x300.jpg 241w, https:\/\/www.major-boats.com\/wp-content\/uploads\/2023\/05\/nautitech-catamaran-48-open-600x746.jpg 600w\" sizes=\"auto, (max-width: 700px) 100vw, 700px\"><\/p>\n<h2>Catamarans and trimarans sales specialists<\/h2>\n<p>Our experienced team is made up of highly qualified professionals who share your passion for yachts. We take pride in providing you with a personalized service, and take the time to understand your specific needs so we can offer you the best solutions.<\/p>\n<p>With our expertise and in-depth knowledge of catamarans and trimarans, we're here to support you at every stage of your boat-buying project.<\/p>\n<h2>Major Boats Shipchandler<\/h2>\n<p>Major Boats Shipchandler allows you to quickly find what you're looking for for your boat. We can meet your needs for equipment and supplies to service and maintain your vessel. We carry a wide range of high-quality products from the most reputable brands.<\/p>\n<p>Our Shipchandler is ideally located in the Marines de Cogolin next to Monaco Marine, in the heart of the Gulf of Saint-Tropez, offering convenient access to a vast selection of equipment, tools and maintenance products.<\/p>\n<p>Whether you're an experienced yachtsman or a boat owner new to the industry, our friendly team of professionals is on hand to offer you personalized assistance and expert advice.<\/p>\n<p><img loading=\"lazy\" decoding=\"async\" width=\"700\" height=\"870\" src=\"https:\/\/www.major-boats.com\/wp-content\/uploads\/2023\/05\/shipchandler-major-boats-marines-cogolin.jpg\" alt=\"\" srcset=\"https:\/\/www.major-boats.com\/wp-content\/uploads\/2023\/05\/shipchandler-major-boats-marines-cogolin.jpg 700w, https:\/\/www.major-boats.com\/wp-content\/uploads\/2023\/05\/shipchandler-major-boats-marines-cogolin-241x300.jpg 241w, https:\/\/www.major-boats.com\/wp-content\/uploads\/2023\/05\/shipchandler-major-boats-marines-cogolin-600x746.jpg 600w\" sizes=\"auto, (max-width: 700px) 100vw, 700px\"><br \/>\n<img loading=\"lazy\" decoding=\"async\" width=\"700\" height=\"870\" src=\"https:\/\/www.major-boats.com\/wp-content\/uploads\/2023\/05\/maintenance-a-flots-port-cogolin-var.jpg\" alt=\"\" srcset=\"https:\/\/www.major-boats.com\/wp-content\/uploads\/2023\/05\/maintenance-a-flots-port-cogolin-var.jpg 700w, https:\/\/www.major-boats.com\/wp-content\/uploads\/2023\/05\/maintenance-a-flots-port-cogolin-var-241x300.jpg 241w, https:\/\/www.major-boats.com\/wp-content\/uploads\/2023\/05\/maintenance-a-flots-port-cogolin-var-600x746.jpg 600w\" sizes=\"auto, (max-width: 700px) 100vw, 700px\"><\/p>\n<h2>Maintenance and surveillance<\/h2>\n<p>Major Boats offers you a management contract including berth rental, maintenance and surveillance of your boat.<\/p>\n<p>Throughout the year, our team visits your boat and monitors the various points essential to its proper maintenance.<\/p>\n<p>If necessary, Major-Boats will submit a quotation for your approval. The work will be carried out by approved companies.<br \/>\nMaintenance operations, all makes of boat:<\/p>\n<ul>\n<li>Fairing.<\/li>\n<li>Antifouling.<\/li>\n<li>Interior and exterior cleaning<\/li>\n<li>Check the boat's general condition.<\/li>\n<li>Complete diagnosis and maintenance of all equipment: engine, rigging, electronics and accessories.<\/li>\n<\/ul>\n<h2>Berth<\/h2>\n<p>Major Boats has moorings at Port Grimaud and Les Marines de Cogolin, located in the heart of the magnificent Gulf of Saint-Tropez. These ports offer privileged access to the crystal-clear waters of the C\u00f4te d'Azur and the charms of our famous region.<\/p>\n<p>With Major Boats, you benefit from much more than just mooring space: we also offer a range of complementary services to facilitate your experience at sea. Whether it's maintenance, repair, refueling or any other boat-related need, our team is here to provide you with comprehensive, professional support.<\/p>\n<p><img loading=\"lazy\" decoding=\"async\" width=\"700\" height=\"870\" src=\"https:\/\/www.major-boats.com\/wp-content\/uploads\/2023\/05\/places-de-port-cogolin-grimaud.jpg\" alt=\"\" srcset=\"https:\/\/www.major-boats.com\/wp-content\/uploads\/2023\/05\/places-de-port-cogolin-grimaud.jpg 700w, https:\/\/www.major-boats.com\/wp-content\/uploads\/2023\/05\/places-de-port-cogolin-grimaud-241x300.jpg 241w, https:\/\/www.major-boats.com\/wp-content\/uploads\/2023\/05\/places-de-port-cogolin-grimaud-600x746.jpg 600w\" sizes=\"auto, (max-width: 700px) 100vw, 700px\"><\/p>","protected":false},"excerpt":{"rendered":"<p>\u00c0 propos de MAJOR BOATS Sp\u00e9cialistes de la vente de Catamarans et Trimarans Notre \u00e9quipe exp\u00e9riment\u00e9e est compos\u00e9e de professionnels hautement qualifi\u00e9s, partageant la m\u00eame passion pour les voiliers que vous. Nous mettons un point d&rsquo;honneur \u00e0 vous offrir un service personnalis\u00e9 et nous prenons le temps de comprendre vos besoins sp\u00e9cifiques afin de vous [&hellip;]<\/p>","protected":false},"author":1,"featured_media":0,"parent":0,"menu_order":0,"comment_status":"closed","ping_status":"closed","template":"","meta":{"give_campaign_id":0,"inline_featured_image":false,"_jet_sm_ready_style":"","_jet_sm_style":"","_jet_sm_controls_values":"","_jet_sm_fonts_collection":"","_jet_sm_fonts_links":"","footnotes":""},"class_list":["post-2137","page","type-page","status-publish","hentry"],"yoast_head":"<!-- This site is optimized with the Yoast SEO plugin v25.6 - https:\/\/yoast.com\/wordpress\/plugins\/seo\/ -->\n<title>\u00c0 propos de MAJOR BOATS - MAJOR BOATS<\/title>\n<meta name=\"description\" content=\"Sp\u00e9cialiste du multicoques dans le Golfe de Saint Tropez, Major Boats est une entreprise de gestion, location, entretien, places de port et \u00e9v\u00e9nementiel de catamarans et trimarans.\" \/>\n<meta name=\"robots\" content=\"index, follow, max-snippet:-1, max-image-preview:large, max-video-preview:-1\" \/>\n<link rel=\"canonical\" href=\"https:\/\/www.major-boats.com\/en\/a-propos-de-major-boats-marines-cogolin\/\" \/>\n<meta property=\"og:locale\" content=\"en_US\" \/>\n<meta property=\"og:type\" content=\"article\" \/>\n<meta property=\"og:title\" content=\"\u00c0 propos de MAJOR BOATS - MAJOR BOATS\" \/>\n<meta property=\"og:description\" content=\"Sp\u00e9cialiste du multicoques dans le Golfe de Saint Tropez, Major Boats est une entreprise de gestion, location, entretien, places de port et \u00e9v\u00e9nementiel de catamarans et trimarans.\" \/>\n<meta property=\"og:url\" content=\"https:\/\/www.major-boats.com\/en\/a-propos-de-major-boats-marines-cogolin\/\" \/>\n<meta property=\"og:site_name\" content=\"MAJOR BOATS\" \/>\n<meta property=\"article:publisher\" content=\"https:\/\/www.facebook.com\/majorboats\" \/>\n<meta property=\"article:modified_time\" content=\"2025-03-21T09:05:49+00:00\" \/>\n<meta property=\"og:image\" content=\"https:\/\/www.major-boats.com\/wp-content\/uploads\/2023\/05\/nautitech-catamaran-48-open.jpg\" \/>\n<meta name=\"twitter:card\" content=\"summary_large_image\" \/>\n<meta name=\"twitter:label1\" content=\"Est. reading time\" \/>\n\t<meta name=\"twitter:data1\" content=\"3 minutes\" \/>\n<script type=\"application\/ld+json\" class=\"yoast-schema-graph\">{\"@context\":\"https:\/\/schema.org\",\"@graph\":[{\"@type\":\"WebPage\",\"@id\":\"https:\/\/www.major-boats.com\/a-propos-de-major-boats-marines-cogolin\/\",\"url\":\"https:\/\/www.major-boats.com\/a-propos-de-major-boats-marines-cogolin\/\",\"name\":\"\u00c0 propos de MAJOR BOATS - MAJOR BOATS\",\"isPartOf\":{\"@id\":\"https:\/\/www.major-boats.com\/#website\"},\"primaryImageOfPage\":{\"@id\":\"https:\/\/www.major-boats.com\/a-propos-de-major-boats-marines-cogolin\/#primaryimage\"},\"image\":{\"@id\":\"https:\/\/www.major-boats.com\/a-propos-de-major-boats-marines-cogolin\/#primaryimage\"},\"thumbnailUrl\":\"https:\/\/www.major-boats.com\/wp-content\/uploads\/2023\/05\/nautitech-catamaran-48-open.jpg\",\"datePublished\":\"2023-05-01T17:28:35+00:00\",\"dateModified\":\"2025-03-21T09:05:49+00:00\",\"description\":\"Sp\u00e9cialiste du multicoques dans le Golfe de Saint Tropez, Major Boats est une entreprise de gestion, location, entretien, places de port et \u00e9v\u00e9nementiel de catamarans et trimarans.\",\"breadcrumb\":{\"@id\":\"https:\/\/www.major-boats.com\/a-propos-de-major-boats-marines-cogolin\/#breadcrumb\"},\"inLanguage\":\"en-US\",\"potentialAction\":[{\"@type\":\"ReadAction\",\"target\":[\"https:\/\/www.major-boats.com\/a-propos-de-major-boats-marines-cogolin\/\"]}]},{\"@type\":\"ImageObject\",\"inLanguage\":\"en-US\",\"@id\":\"https:\/\/www.major-boats.com\/a-propos-de-major-boats-marines-cogolin\/#primaryimage\",\"url\":\"https:\/\/www.major-boats.com\/wp-content\/uploads\/2023\/05\/nautitech-catamaran-48-open.jpg\",\"contentUrl\":\"https:\/\/www.major-boats.com\/wp-content\/uploads\/2023\/05\/nautitech-catamaran-48-open.jpg\"},{\"@type\":\"BreadcrumbList\",\"@id\":\"https:\/\/www.major-boats.com\/a-propos-de-major-boats-marines-cogolin\/#breadcrumb\",\"itemListElement\":[{\"@type\":\"ListItem\",\"position\":1,\"name\":\"Accueil\",\"item\":\"https:\/\/www.major-boats.com\/\"},{\"@type\":\"ListItem\",\"position\":2,\"name\":\"\u00c0 propos de MAJOR BOATS\"}]},{\"@type\":\"WebSite\",\"@id\":\"https:\/\/www.major-boats.com\/#website\",\"url\":\"https:\/\/www.major-boats.com\/\",\"name\":\"MAJOR BOATS\",\"description\":\"SALES, SERVICES &amp; SHIPCHANDLER\",\"publisher\":{\"@id\":\"https:\/\/www.major-boats.com\/#organization\"},\"potentialAction\":[{\"@type\":\"SearchAction\",\"target\":{\"@type\":\"EntryPoint\",\"urlTemplate\":\"https:\/\/www.major-boats.com\/?s={search_term_string}\"},\"query-input\":{\"@type\":\"PropertyValueSpecification\",\"valueRequired\":true,\"valueName\":\"search_term_string\"}}],\"inLanguage\":\"en-US\"},{\"@type\":\"Organization\",\"@id\":\"https:\/\/www.major-boats.com\/#organization\",\"name\":\"SAS MAJOR BOATS\",\"url\":\"https:\/\/www.major-boats.com\/\",\"logo\":{\"@type\":\"ImageObject\",\"inLanguage\":\"en-US\",\"@id\":\"https:\/\/www.major-boats.com\/#\/schema\/logo\/image\/\",\"url\":\"https:\/\/www.major-boats.com\/wp-content\/uploads\/2023\/05\/logo-major-boats-x2.png\",\"contentUrl\":\"https:\/\/www.major-boats.com\/wp-content\/uploads\/2023\/05\/logo-major-boats-x2.png\",\"width\":700,\"height\":320,\"caption\":\"SAS MAJOR BOATS\"},\"image\":{\"@id\":\"https:\/\/www.major-boats.com\/#\/schema\/logo\/image\/\"},\"sameAs\":[\"https:\/\/www.facebook.com\/majorboats\",\"https:\/\/www.instagram.com\/major_boats\/\"]}]}<\/script>\n<!-- \/ Yoast SEO plugin. -->","yoast_head_json":{"title":"\u00c0 propos de MAJOR BOATS - MAJOR BOATS","description":"Sp\u00e9cialiste du multicoques dans le Golfe de Saint Tropez, Major Boats est une entreprise de gestion, location, entretien, places de port et \u00e9v\u00e9nementiel de catamarans et trimarans.","robots":{"index":"index","follow":"follow","max-snippet":"max-snippet:-1","max-image-preview":"max-image-preview:large","max-video-preview":"max-video-preview:-1"},"canonical":"https:\/\/www.major-boats.com\/en\/a-propos-de-major-boats-marines-cogolin\/","og_locale":"en_US","og_type":"article","og_title":"\u00c0 propos de MAJOR BOATS - MAJOR BOATS","og_description":"Sp\u00e9cialiste du multicoques dans le Golfe de Saint Tropez, Major Boats est une entreprise de gestion, location, entretien, places de port et \u00e9v\u00e9nementiel de catamarans et trimarans.","og_url":"https:\/\/www.major-boats.com\/en\/a-propos-de-major-boats-marines-cogolin\/","og_site_name":"MAJOR BOATS","article_publisher":"https:\/\/www.facebook.com\/majorboats","article_modified_time":"2025-03-21T09:05:49+00:00","og_image":[{"url":"https:\/\/www.major-boats.com\/wp-content\/uploads\/2023\/05\/nautitech-catamaran-48-open.jpg","type":"","width":"","height":""}],"twitter_card":"summary_large_image","twitter_misc":{"Est. reading time":"3 minutes"},"schema":{"@context":"https:\/\/schema.org","@graph":[{"@type":"WebPage","@id":"https:\/\/www.major-boats.com\/a-propos-de-major-boats-marines-cogolin\/","url":"https:\/\/www.major-boats.com\/a-propos-de-major-boats-marines-cogolin\/","name":"\u00c0 propos de MAJOR BOATS - MAJOR BOATS","isPartOf":{"@id":"https:\/\/www.major-boats.com\/#website"},"primaryImageOfPage":{"@id":"https:\/\/www.major-boats.com\/a-propos-de-major-boats-marines-cogolin\/#primaryimage"},"image":{"@id":"https:\/\/www.major-boats.com\/a-propos-de-major-boats-marines-cogolin\/#primaryimage"},"thumbnailUrl":"https:\/\/www.major-boats.com\/wp-content\/uploads\/2023\/05\/nautitech-catamaran-48-open.jpg","datePublished":"2023-05-01T17:28:35+00:00","dateModified":"2025-03-21T09:05:49+00:00","description":"Sp\u00e9cialiste du multicoques dans le Golfe de Saint Tropez, Major Boats est une entreprise de gestion, location, entretien, places de port et \u00e9v\u00e9nementiel de catamarans et trimarans.","breadcrumb":{"@id":"https:\/\/www.major-boats.com\/a-propos-de-major-boats-marines-cogolin\/#breadcrumb"},"inLanguage":"en-US","potentialAction":[{"@type":"ReadAction","target":["https:\/\/www.major-boats.com\/a-propos-de-major-boats-marines-cogolin\/"]}]},{"@type":"ImageObject","inLanguage":"en-US","@id":"https:\/\/www.major-boats.com\/a-propos-de-major-boats-marines-cogolin\/#primaryimage","url":"https:\/\/www.major-boats.com\/wp-content\/uploads\/2023\/05\/nautitech-catamaran-48-open.jpg","contentUrl":"https:\/\/www.major-boats.com\/wp-content\/uploads\/2023\/05\/nautitech-catamaran-48-open.jpg"},{"@type":"BreadcrumbList","@id":"https:\/\/www.major-boats.com\/a-propos-de-major-boats-marines-cogolin\/#breadcrumb","itemListElement":[{"@type":"ListItem","position":1,"name":"Accueil","item":"https:\/\/www.major-boats.com\/"},{"@type":"ListItem","position":2,"name":"\u00c0 propos de MAJOR BOATS"}]},{"@type":"WebSite","@id":"https:\/\/www.major-boats.com\/#website","url":"https:\/\/www.major-boats.com\/","name":"MAJOR BOATS","description":"SALES, SERVICES &amp; SHIPCHANDLER","publisher":{"@id":"https:\/\/www.major-boats.com\/#organization"},"potentialAction":[{"@type":"SearchAction","target":{"@type":"EntryPoint","urlTemplate":"https:\/\/www.major-boats.com\/?s={search_term_string}"},"query-input":{"@type":"PropertyValueSpecification","valueRequired":true,"valueName":"search_term_string"}}],"inLanguage":"en-US"},{"@type":"Organization","@id":"https:\/\/www.major-boats.com\/#organization","name":"SAS MAJOR BOATS","url":"https:\/\/www.major-boats.com\/","logo":{"@type":"ImageObject","inLanguage":"en-US","@id":"https:\/\/www.major-boats.com\/#\/schema\/logo\/image\/","url":"https:\/\/www.major-boats.com\/wp-content\/uploads\/2023\/05\/logo-major-boats-x2.png","contentUrl":"https:\/\/www.major-boats.com\/wp-content\/uploads\/2023\/05\/logo-major-boats-x2.png","width":700,"height":320,"caption":"SAS MAJOR BOATS"},"image":{"@id":"https:\/\/www.major-boats.com\/#\/schema\/logo\/image\/"},"sameAs":["https:\/\/www.facebook.com\/majorboats","https:\/\/www.instagram.com\/major_boats\/"]}]}},"campaignId":"","_links":{"self":[{"href":"https:\/\/www.major-boats.com\/en\/wp-json\/wp\/v2\/pages\/2137","targetHints":{"allow":["GET"]}}],"collection":[{"href":"https:\/\/www.major-boats.com\/en\/wp-json\/wp\/v2\/pages"}],"about":[{"href":"https:\/\/www.major-boats.com\/en\/wp-json\/wp\/v2\/types\/page"}],"author":[{"embeddable":true,"href":"https:\/\/www.major-boats.com\/en\/wp-json\/wp\/v2\/users\/1"}],"replies":[{"embeddable":true,"href":"https:\/\/www.major-boats.com\/en\/wp-json\/wp\/v2\/comments?post=2137"}],"version-history":[{"count":0,"href":"https:\/\/www.major-boats.com\/en\/wp-json\/wp\/v2\/pages\/2137\/revisions"}],"wp:attachment":[{"href":"https:\/\/www.major-boats.com\/en\/wp-json\/wp\/v2\/media?parent=2137"}],"curies":[{"name":"wp","href":"https:\/\/api.w.org\/{rel}","templated":true}]}}