{"id":3341,"date":"2023-05-22T09:51:09","date_gmt":"2023-05-22T07:51:09","guid":{"rendered":"https:\/\/www.major-boats.com\/?page_id=3341"},"modified":"2023-05-22T10:00:48","modified_gmt":"2023-05-22T08:00:48","slug":"politique-de-confidentialite-cookies","status":"publish","type":"page","link":"https:\/\/www.major-boats.com\/en\/politique-de-confidentialite-cookies\/","title":{"rendered":"Politique de confidentialit\u00e9 &#038; Cookies"},"content":{"rendered":"<div data-elementor-type=\"wp-page\" data-elementor-id=\"3341\" class=\"elementor elementor-3341\" data-elementor-post-type=\"page\">\n\t\t\t\t\t\t<section class=\"elementor-section elementor-top-section elementor-element elementor-element-5d3f02aa elementor-section-boxed elementor-section-height-default elementor-section-height-default\" data-id=\"5d3f02aa\" data-element_type=\"section\" data-settings=\"{&quot;jet_parallax_layout_list&quot;:[]}\">\n\t\t\t\t\t\t<div class=\"elementor-container elementor-column-gap-default\">\n\t\t\t\t\t<div class=\"elementor-column elementor-col-100 elementor-top-column elementor-element elementor-element-1a5521ba\" data-id=\"1a5521ba\" data-element_type=\"column\">\n\t\t\t<div class=\"elementor-widget-wrap elementor-element-populated\">\n\t\t\t\t\t\t<div class=\"elementor-element elementor-element-3f7c3977 elementor-widget elementor-widget-heading\" data-id=\"3f7c3977\" data-element_type=\"widget\" data-widget_type=\"heading.default\">\n\t\t\t\t<div class=\"elementor-widget-container\">\n\t\t\t\t\t<h2 class=\"elementor-heading-title elementor-size-default\">CNIL &amp; GDPR<\/h2>\t\t\t\t<\/div>\n\t\t\t\t<\/div>\n\t\t\t\t<div class=\"elementor-element elementor-element-142cf5f0 elementor-widget elementor-widget-text-editor\" data-id=\"142cf5f0\" data-element_type=\"widget\" data-widget_type=\"text-editor.default\">\n\t\t\t\t<div class=\"elementor-widget-container\">\n\t\t\t\t\t\t\t\t\t<h1>PRIVACY POLICY AND COOKIES<\/h1>\n<p>About the website <strong>www.major-boats.com<\/strong><\/p>\n<p><strong>SAS MAJOR BOATS<\/strong><br>The website www.major-boats.com is the property of SAS MAJOR BOATS | Soci\u00e9t\u00e9 au capital de 7500 \u20ac | RCS Fr\u00e9jus 78916942200035 | TVA intracom. FR81789169422 | NAF 7721Z | Head office : Route de la Plage, Les Marines de Cogolin - 83310 COGOLIN | Tel. contact : +33 (0)4 94 55 23 29 \/ contact@major-group.fr<\/p>\n<p><strong>Typr of website :<\/strong> Showcase site for Major Boats and presentation of multihull boats (catamarans, trimarans) for sale, as well as maintenance, caretaking and berths.<\/p>\n<p><strong>The purpose of this privacy policy:<\/strong><br>The purpose is to inform users of our site of the personal data that we will collect as well as the following information, where applicable:<br>- The personal data we collect<br>- Use of collected data<br>- Who has access to the data collected<br>- Site users' rights<br>- Site cookie policy<\/p>\n<p>This privacy policy operates in parallel with the general terms of use of our site.<\/p>\n<p><strong>Applicable laws :<\/strong><br>In accordance with the General Data Protection Regulation (GDPR), this privacy policy complies with the following regulations.<\/p>\n<p><strong>Personal data must be :<\/strong><br>- processed lawfully, fairly and transparently with regard to the data subject (lawfulness, fairness, transparency);<br>- collected for specified, explicit and legitimate purposes, and not further processed in a way incompatible with those purposes; further processing for archival purposes in the public interest, for scientific or historical research purposes or for statistical purposes shall not be considered, in accordance with Article 89(1), as incompatible with the original purposes (purpose limitation);<br>- adequate, relevant and limited to what is necessary for the purposes for which they are processed (data minimization);<br>- accurate and, where necessary, kept up to date; all reasonable steps must be taken to ensure that personal data which are inaccurate, having regard to the purposes for which they are processed, are erased or rectified without delay (accuracy) ;<br>- kept in a form which permits identification of data subjects for no longer than is necessary for the purposes for which they are processed; personal data may be kept for longer periods insofar as they are processed exclusively for archival purposes in the public interest, for scientific or historical research purposes or for statistical purposes in accordance with Article 89(1), provided that the appropriate technical and organizational measures required by the Regulation are implemented in order to guarantee the rights and freedoms of the data subject (storage limitation);<br>&#8211;<br>processed in such a way as to ensure appropriate security of personal data, including protection against unauthorized or unlawful processing and against accidental loss, destruction or damage, using appropriate technical or organizational measures (integrity and confidentiality).<\/p>\n<p><strong>Processing is lawful only if, and insofar as, at least one of the following conditions is met:<\/strong><br>- the data subject has consented to the processing of his\/her personal data for one or more specific purposes;<br>- processing is necessary for the performance of a contract to which the data subject is party or for the performance of pre-contractual measures taken at the data subject's request;<br>- the processing is necessary to comply with a legal obligation to which the data controller is subject;<br>- the processing is necessary to safeguard the vital interests of the data subject or of another natural person;<br>- the processing is necessary for the performance of a task carried out in the public interest or in the exercise of official authority vested in the controller;<br>- processing is necessary for the purposes of the legitimate interests pursued by the controller or by a third party, unless the interests or fundamental rights and freedoms of the data subject which require the protection of personal data prevail, in particular where the data subject is a child.<\/p>\n<p>For residents of the State of California, this privacy policy is intended to comply with the California Consumer Privacy Act (CCPA). If there are any inconsistencies between this document and the CCPA, state law will apply. If we find inconsistencies, we will modify our policy to comply with the relevant law.<\/p>\n<p><strong>CONSENT<\/strong><\/p>\n<p>Users agree that by using our site, they consent to the terms set forth in this privacy policy and to the collection, use and retention of the data listed in this policy.<\/p>\n<p><strong>Personal data we collect <\/strong><br>- Name and surname<br>- Address, zip code and city<br>- Mail and phone number<br>-Type of boat and rental period<\/p>\n<p><strong>Data collected automatically :<\/strong><br>- Navigation on the pages of our site and clicks on the pages of the site.<\/p>\n<p>When you visit and use our site, we may automatically collect and store the following information:<br>- IP address<br>- Place<br>- Hardware and software details<\/p>\n<p>This data can be collected using the following methods:<br>- Contact form<br>- Cookies<\/p>\n<p>__________<\/p>\n<p>Please note that we only collect data that helps us achieve the purpose stated in this privacy policy. We will not collect any additional data without informing you first. Personal data collected on our site will only be used for the purposes specified in this policy or indicated on the relevant pages of our site. We will not use your data beyond what we disclose.<\/p>\n<p><strong>The data we automatically collect is used for the following purposes:<\/strong><br>- Processing for statistics<br>- Processing to recontact the customer according to the information he has provided<\/p>\n<p><strong>The data we collect when the user performs certain functions may be used for the following purposes:<\/strong><br>- Rental proposal, sales proposal, newsletter<\/p>\n<p><strong>With whom we share personal data :<\/strong><br>- Employees.<br>We may disclose to any member of our organization such user data as is reasonably necessary to carry out the purposes set out in this policy.<\/p>\n<p><strong>Third parties<\/strong><br>We do not share user data with third parties.<\/p>\n<p><strong>Other disclosures<\/strong><br>We undertake not to sell or share your data with third parties, except in the following cases:<br>- if required by law<br>- if required for any legal proceedings<br>- to prove or protect our legal rights<br>- to purchasers or potential purchasers of this company in the event that we seek to sell the company<\/p>\n<p>If you follow hyperlinks from our site to another site, please note that we are not responsible for and have no control over their privacy policies and practices.<\/p>\n<p>User data will be kept for a period of:1 year<br>We will ensure that users are notified if their data is retained for longer than this period.<\/p>\n<p><strong>How we protect your personal data<\/strong><br>In order to protect your security, we use transport layer security protocol to transmit personal information within our system.<br>All data stored in our system is well secured and accessible only to our employees. Our employees are bound by strict confidentiality agreements and a breach of this agreement would result in the employee's dismissal.<br>While we take every reasonable precaution to ensure that our user data is secure and that users are protected, there is always the risk of harm. The Internet as a whole can be, at times, insecure and therefore we are unable to guarantee the security of user data beyond what is reasonably practical.<\/p>\n<p><strong>Minors<\/strong><br>The GDPR specifies that people under the age of 15 are considered minors for the purposes of data collection. Minors must have the consent of a legal representative for their data to be collected, processed and used.<\/p>\n<p><strong>Your rights as a user<\/strong><br>Under the GDPR, users have the following rights as data subjects:<br>- right of access<br>- right of rectification<br>- right to erasure<br>- right to restrict processing<br>- right to data portability<br>- right of objection<\/p>\n<p>Further information on these rights can be found in chapter 3 (art 12-23) of the GDPR.<\/p>\n<p><strong>How to modify, delete or contest collected data<\/strong><br>If you wish to have your information deleted or modified in any way, please contact our Privacy Officer.<\/p>\n<p>__________<\/p>\n<h2>COOKIES<\/h2>\n<p><strong>Cookie policy<\/strong><br>A cookie is a small file stored on a user's hard disk by the website. Its purpose is to collect data about the user's browsing habits.<\/p>\n<p><strong>We use the following types of cookies on our site:<br>&#8211; <\/strong>Functional cookies<br>We use them to memorize all the selections you make on our site so that they can be saved for future visits.<br>- Analytic cookies<br>This allows us to improve the design and functionality of our site by collecting data on the content you access and engage with while using our site.<br>- Targeting cookies<br>These cookies collect data about how you use the site and your preferences. This allows us to make the information you see on our site more promotional and targeted to you.<br>- Session cookie and any other type of cookie necessary for the proper operation of the site or tools requiring them<br>Statistical data, user experience optimization<\/p>\n<p>You can choose to be notified each time a cookie is sent. You can also choose to disable cookies entirely in your Internet browser, but this may reduce the quality of your user experience.<\/p>\n<p><strong>Third-party cookies<\/strong><br>We may use third-party cookies on our site for the following purposes:<br>- Advertising<br>- Specific needs of a program or application.<\/p>\n<p><strong>Modifications<\/strong><br>This Privacy Policy may be amended from time to time to maintain compliance with the law and to reflect any changes to our data collection process. We recommend that our users check our policy from time to time to ensure that they are aware of any updates. If necessary, we may notify users by e-mail of changes to this policy.<\/p>\n<p><strong>Contact<\/strong><br>If you have any questions, please do not hesitate to contact us by using the following form:<br>\u2013 By phone : +33 (0)4 94 55 23 29<br>\u2013 By mail : contact@major-group.fr<br>\u2013 By post : SAS MAJOR BOATS \u2013 Route de la Plage, Les Marines de Cogolin \u2013 83310 COGOLIN<\/p>\n<p>Effective date: May 10, 2023<\/p>\t\t\t\t\t\t\t\t<\/div>\n\t\t\t\t<\/div>\n\t\t\t\t\t<\/div>\n\t\t<\/div>\n\t\t\t\t\t<\/div>\n\t\t<\/section>\n\t\t\t\t<\/div>","protected":false},"excerpt":{"rendered":"<p>cnil &amp; rgpd POLITIQUE DE CONFIDENTIALIT\u00c9 ET COOKIES Concerne le site www.major-boats.com SAS MAJOR BOATSLe site internet www.major-boats.com est la propri\u00e9t\u00e9 de la SAS MAJOR BOATS | Soci\u00e9t\u00e9 au capital de 7500 \u20ac | RCS Fr\u00e9jus 78916942200035 | TVA intracom. FR81789169422 | NAF 7721Z | Si\u00e8ge social : Route de la Plage, Les Marines de [&hellip;]<\/p>","protected":false},"author":1,"featured_media":0,"parent":0,"menu_order":0,"comment_status":"closed","ping_status":"closed","template":"","meta":{"give_campaign_id":0,"inline_featured_image":false,"_jet_sm_ready_style":"","_jet_sm_style":"","_jet_sm_controls_values":"","_jet_sm_fonts_collection":"","_jet_sm_fonts_links":"","footnotes":""},"class_list":["post-3341","page","type-page","status-publish","hentry"],"yoast_head":"<!-- This site is optimized with the Yoast SEO plugin v25.6 - https:\/\/yoast.com\/wordpress\/plugins\/seo\/ -->\n<title>Politique de confidentialit\u00e9 &amp; Cookies - MAJOR BOATS<\/title>\n<meta name=\"robots\" content=\"index, follow, max-snippet:-1, max-image-preview:large, max-video-preview:-1\" \/>\n<link rel=\"canonical\" href=\"https:\/\/www.major-boats.com\/en\/politique-de-confidentialite-cookies\/\" \/>\n<meta property=\"og:locale\" content=\"en_US\" \/>\n<meta property=\"og:type\" content=\"article\" \/>\n<meta property=\"og:title\" content=\"Politique de confidentialit\u00e9 &amp; Cookies - MAJOR BOATS\" \/>\n<meta property=\"og:description\" content=\"cnil &amp; rgpd POLITIQUE DE CONFIDENTIALIT\u00c9 ET COOKIES Concerne le site www.major-boats.com SAS MAJOR BOATSLe site internet www.major-boats.com est la propri\u00e9t\u00e9 de la SAS MAJOR BOATS | Soci\u00e9t\u00e9 au capital de 7500 \u20ac | RCS Fr\u00e9jus 78916942200035 | TVA intracom. FR81789169422 | NAF 7721Z | Si\u00e8ge social : Route de la Plage, Les Marines de [&hellip;]\" \/>\n<meta property=\"og:url\" content=\"https:\/\/www.major-boats.com\/en\/politique-de-confidentialite-cookies\/\" \/>\n<meta property=\"og:site_name\" content=\"MAJOR BOATS\" \/>\n<meta property=\"article:publisher\" content=\"https:\/\/www.facebook.com\/majorboats\" \/>\n<meta property=\"article:modified_time\" content=\"2023-05-22T08:00:48+00:00\" \/>\n<meta name=\"twitter:card\" content=\"summary_large_image\" \/>\n<meta name=\"twitter:label1\" content=\"Est. reading time\" \/>\n\t<meta name=\"twitter:data1\" content=\"10 minutes\" \/>\n<script type=\"application\/ld+json\" class=\"yoast-schema-graph\">{\"@context\":\"https:\/\/schema.org\",\"@graph\":[{\"@type\":\"WebPage\",\"@id\":\"https:\/\/www.major-boats.com\/politique-de-confidentialite-cookies\/\",\"url\":\"https:\/\/www.major-boats.com\/politique-de-confidentialite-cookies\/\",\"name\":\"Politique de confidentialit\u00e9 & Cookies - MAJOR BOATS\",\"isPartOf\":{\"@id\":\"https:\/\/www.major-boats.com\/#website\"},\"datePublished\":\"2023-05-22T07:51:09+00:00\",\"dateModified\":\"2023-05-22T08:00:48+00:00\",\"breadcrumb\":{\"@id\":\"https:\/\/www.major-boats.com\/politique-de-confidentialite-cookies\/#breadcrumb\"},\"inLanguage\":\"en-US\",\"potentialAction\":[{\"@type\":\"ReadAction\",\"target\":[\"https:\/\/www.major-boats.com\/politique-de-confidentialite-cookies\/\"]}]},{\"@type\":\"BreadcrumbList\",\"@id\":\"https:\/\/www.major-boats.com\/politique-de-confidentialite-cookies\/#breadcrumb\",\"itemListElement\":[{\"@type\":\"ListItem\",\"position\":1,\"name\":\"Accueil\",\"item\":\"https:\/\/www.major-boats.com\/\"},{\"@type\":\"ListItem\",\"position\":2,\"name\":\"Politique de confidentialit\u00e9 &#038; Cookies\"}]},{\"@type\":\"WebSite\",\"@id\":\"https:\/\/www.major-boats.com\/#website\",\"url\":\"https:\/\/www.major-boats.com\/\",\"name\":\"MAJOR BOATS\",\"description\":\"SALES, SERVICES &amp; SHIPCHANDLER\",\"publisher\":{\"@id\":\"https:\/\/www.major-boats.com\/#organization\"},\"potentialAction\":[{\"@type\":\"SearchAction\",\"target\":{\"@type\":\"EntryPoint\",\"urlTemplate\":\"https:\/\/www.major-boats.com\/?s={search_term_string}\"},\"query-input\":{\"@type\":\"PropertyValueSpecification\",\"valueRequired\":true,\"valueName\":\"search_term_string\"}}],\"inLanguage\":\"en-US\"},{\"@type\":\"Organization\",\"@id\":\"https:\/\/www.major-boats.com\/#organization\",\"name\":\"SAS MAJOR BOATS\",\"url\":\"https:\/\/www.major-boats.com\/\",\"logo\":{\"@type\":\"ImageObject\",\"inLanguage\":\"en-US\",\"@id\":\"https:\/\/www.major-boats.com\/#\/schema\/logo\/image\/\",\"url\":\"https:\/\/www.major-boats.com\/wp-content\/uploads\/2023\/05\/logo-major-boats-x2.png\",\"contentUrl\":\"https:\/\/www.major-boats.com\/wp-content\/uploads\/2023\/05\/logo-major-boats-x2.png\",\"width\":700,\"height\":320,\"caption\":\"SAS MAJOR BOATS\"},\"image\":{\"@id\":\"https:\/\/www.major-boats.com\/#\/schema\/logo\/image\/\"},\"sameAs\":[\"https:\/\/www.facebook.com\/majorboats\",\"https:\/\/www.instagram.com\/major_boats\/\"]}]}<\/script>\n<!-- \/ Yoast SEO plugin. -->","yoast_head_json":{"title":"Politique de confidentialit\u00e9 & Cookies - MAJOR BOATS","robots":{"index":"index","follow":"follow","max-snippet":"max-snippet:-1","max-image-preview":"max-image-preview:large","max-video-preview":"max-video-preview:-1"},"canonical":"https:\/\/www.major-boats.com\/en\/politique-de-confidentialite-cookies\/","og_locale":"en_US","og_type":"article","og_title":"Politique de confidentialit\u00e9 & Cookies - MAJOR BOATS","og_description":"cnil &amp; rgpd POLITIQUE DE CONFIDENTIALIT\u00c9 ET COOKIES Concerne le site www.major-boats.com SAS MAJOR BOATSLe site internet www.major-boats.com est la propri\u00e9t\u00e9 de la SAS MAJOR BOATS | Soci\u00e9t\u00e9 au capital de 7500 \u20ac | RCS Fr\u00e9jus 78916942200035 | TVA intracom. FR81789169422 | NAF 7721Z | Si\u00e8ge social : Route de la Plage, Les Marines de [&hellip;]","og_url":"https:\/\/www.major-boats.com\/en\/politique-de-confidentialite-cookies\/","og_site_name":"MAJOR BOATS","article_publisher":"https:\/\/www.facebook.com\/majorboats","article_modified_time":"2023-05-22T08:00:48+00:00","twitter_card":"summary_large_image","twitter_misc":{"Est. reading time":"10 minutes"},"schema":{"@context":"https:\/\/schema.org","@graph":[{"@type":"WebPage","@id":"https:\/\/www.major-boats.com\/politique-de-confidentialite-cookies\/","url":"https:\/\/www.major-boats.com\/politique-de-confidentialite-cookies\/","name":"Politique de confidentialit\u00e9 & Cookies - MAJOR BOATS","isPartOf":{"@id":"https:\/\/www.major-boats.com\/#website"},"datePublished":"2023-05-22T07:51:09+00:00","dateModified":"2023-05-22T08:00:48+00:00","breadcrumb":{"@id":"https:\/\/www.major-boats.com\/politique-de-confidentialite-cookies\/#breadcrumb"},"inLanguage":"en-US","potentialAction":[{"@type":"ReadAction","target":["https:\/\/www.major-boats.com\/politique-de-confidentialite-cookies\/"]}]},{"@type":"BreadcrumbList","@id":"https:\/\/www.major-boats.com\/politique-de-confidentialite-cookies\/#breadcrumb","itemListElement":[{"@type":"ListItem","position":1,"name":"Accueil","item":"https:\/\/www.major-boats.com\/"},{"@type":"ListItem","position":2,"name":"Politique de confidentialit\u00e9 &#038; Cookies"}]},{"@type":"WebSite","@id":"https:\/\/www.major-boats.com\/#website","url":"https:\/\/www.major-boats.com\/","name":"MAJOR BOATS","description":"SALES, SERVICES &amp; SHIPCHANDLER","publisher":{"@id":"https:\/\/www.major-boats.com\/#organization"},"potentialAction":[{"@type":"SearchAction","target":{"@type":"EntryPoint","urlTemplate":"https:\/\/www.major-boats.com\/?s={search_term_string}"},"query-input":{"@type":"PropertyValueSpecification","valueRequired":true,"valueName":"search_term_string"}}],"inLanguage":"en-US"},{"@type":"Organization","@id":"https:\/\/www.major-boats.com\/#organization","name":"SAS MAJOR BOATS","url":"https:\/\/www.major-boats.com\/","logo":{"@type":"ImageObject","inLanguage":"en-US","@id":"https:\/\/www.major-boats.com\/#\/schema\/logo\/image\/","url":"https:\/\/www.major-boats.com\/wp-content\/uploads\/2023\/05\/logo-major-boats-x2.png","contentUrl":"https:\/\/www.major-boats.com\/wp-content\/uploads\/2023\/05\/logo-major-boats-x2.png","width":700,"height":320,"caption":"SAS MAJOR BOATS"},"image":{"@id":"https:\/\/www.major-boats.com\/#\/schema\/logo\/image\/"},"sameAs":["https:\/\/www.facebook.com\/majorboats","https:\/\/www.instagram.com\/major_boats\/"]}]}},"campaignId":"","_links":{"self":[{"href":"https:\/\/www.major-boats.com\/en\/wp-json\/wp\/v2\/pages\/3341","targetHints":{"allow":["GET"]}}],"collection":[{"href":"https:\/\/www.major-boats.com\/en\/wp-json\/wp\/v2\/pages"}],"about":[{"href":"https:\/\/www.major-boats.com\/en\/wp-json\/wp\/v2\/types\/page"}],"author":[{"embeddable":true,"href":"https:\/\/www.major-boats.com\/en\/wp-json\/wp\/v2\/users\/1"}],"replies":[{"embeddable":true,"href":"https:\/\/www.major-boats.com\/en\/wp-json\/wp\/v2\/comments?post=3341"}],"version-history":[{"count":0,"href":"https:\/\/www.major-boats.com\/en\/wp-json\/wp\/v2\/pages\/3341\/revisions"}],"wp:attachment":[{"href":"https:\/\/www.major-boats.com\/en\/wp-json\/wp\/v2\/media?parent=3341"}],"curies":[{"name":"wp","href":"https:\/\/api.w.org\/{rel}","templated":true}]}}